{"id":159,"date":"2018-04-08T23:30:39","date_gmt":"2018-04-08T21:30:39","guid":{"rendered":"http:\/\/aites.net\/?page_id=159"},"modified":"2021-06-24T18:04:35","modified_gmt":"2021-06-24T16:04:35","slug":"borsa-docupacio","status":"publish","type":"page","link":"https:\/\/aites.net\/ca\/borsa-docupacio\/","title":{"rendered":"Borsa d&#8217;Ocupaci\u00f3"},"content":{"rendered":"<p>[vc_row][vc_column][vc_column_text]El <strong>Centre d&#8217;Estudis AITES<\/strong> disposa de convenis amb diverses empreses per a la inserci\u00f3 professional dels seus alumnes.<\/p>\n<p>Si vols pert\u00e0nyer a la borsa de treball envia el teu curr\u00edculum a\u00a0<a href=\"mailto:info@aites.net\">info@aites.net<\/a><\/p>\n<p>Interessats en rebre ofertes de vigilant de seguretat, envia curr\u00edculum a: <a href=\"mailto:manuelnavarro@aites.net\">manuelnavarro@aites.net<\/a>[\/vc_column_text][\/vc_column][\/vc_row]<\/p>\n","protected":false},"excerpt":{"rendered":"<p>[vc_row][vc_column][vc_column_text]El Centre d&#8217;Estudis AITES disposa de convenis amb diverses empreses per a la inserci\u00f3 professional dels seus alumnes. Si vols pert\u00e0nyer a la borsa de treball envia el teu curr\u00edculum a\u00a0info@aites.net Interessats en rebre ofertes de vigilant de seguretat, envia curr\u00edculum a: manuelnavarro@aites.net[\/vc_column_text][\/vc_column][\/vc_row]<\/p>\n","protected":false},"author":1,"featured_media":0,"parent":0,"menu_order":10,"comment_status":"closed","ping_status":"closed","template":"","meta":{"footnotes":""},"yoast_head":"<!-- This site is optimized with the Yoast SEO plugin v21.0 - https:\/\/yoast.com\/wordpress\/plugins\/seo\/ -->\n<title>Borsa d&#039;Ocupaci\u00f3 - AITES - Centro de Estudios y Oposiciones<\/title>\n<meta name=\"robots\" content=\"index, follow, max-snippet:-1, max-image-preview:large, max-video-preview:-1\" \/>\n<link rel=\"canonical\" href=\"https:\/\/aites.net\/ca\/borsa-docupacio\/\" \/>\n<meta property=\"og:locale\" content=\"ca_ES\" \/>\n<meta property=\"og:type\" content=\"article\" \/>\n<meta property=\"og:title\" content=\"Borsa d&#039;Ocupaci\u00f3 - AITES - Centro de Estudios y Oposiciones\" \/>\n<meta property=\"og:description\" content=\"[vc_row][vc_column][vc_column_text]El Centre d&#8217;Estudis AITES disposa de convenis amb diverses empreses per a la inserci\u00f3 professional dels seus alumnes. Si vols pert\u00e0nyer a la borsa de treball envia el teu curr\u00edculum a\u00a0info@aites.net Interessats en rebre ofertes de vigilant de seguretat, envia curr\u00edculum a: manuelnavarro@aites.net[\/vc_column_text][\/vc_column][\/vc_row]\" \/>\n<meta property=\"og:url\" content=\"https:\/\/aites.net\/ca\/borsa-docupacio\/\" \/>\n<meta property=\"og:site_name\" content=\"AITES - Centro de Estudios y Oposiciones\" \/>\n<meta property=\"article:publisher\" content=\"https:\/\/www.facebook.com\/Aites-Centro-de-Estudios-216905605423761\/\" \/>\n<meta property=\"article:modified_time\" content=\"2021-06-24T16:04:35+00:00\" \/>\n<meta name=\"twitter:card\" content=\"summary_large_image\" \/>\n<script type=\"application\/ld+json\" class=\"yoast-schema-graph\">{\"@context\":\"https:\/\/schema.org\",\"@graph\":[{\"@type\":\"WebPage\",\"@id\":\"https:\/\/aites.net\/ca\/borsa-docupacio\/\",\"url\":\"https:\/\/aites.net\/ca\/borsa-docupacio\/\",\"name\":\"Borsa d'Ocupaci\u00f3 - AITES - Centro de Estudios y Oposiciones\",\"isPartOf\":{\"@id\":\"https:\/\/aites.net\/#website\"},\"datePublished\":\"2018-04-08T21:30:39+00:00\",\"dateModified\":\"2021-06-24T16:04:35+00:00\",\"breadcrumb\":{\"@id\":\"https:\/\/aites.net\/ca\/borsa-docupacio\/#breadcrumb\"},\"inLanguage\":\"ca\",\"potentialAction\":[{\"@type\":\"ReadAction\",\"target\":[\"https:\/\/aites.net\/ca\/borsa-docupacio\/\"]}]},{\"@type\":\"BreadcrumbList\",\"@id\":\"https:\/\/aites.net\/ca\/borsa-docupacio\/#breadcrumb\",\"itemListElement\":[{\"@type\":\"ListItem\",\"position\":1,\"name\":\"Portada\",\"item\":\"https:\/\/aites.net\/ca\/\"},{\"@type\":\"ListItem\",\"position\":2,\"name\":\"Borsa d&#8217;Ocupaci\u00f3\"}]},{\"@type\":\"WebSite\",\"@id\":\"https:\/\/aites.net\/#website\",\"url\":\"https:\/\/aites.net\/\",\"name\":\"AITES - Centro de Estudios y Oposiciones\",\"description\":\"Formaci\u00f3n y Oposiciones para Mossos d&#039;Esquadra, Guardia Urbana, Polic\u00eda Nacional, Guardia Civil y Centro de Estudios para Vigilante de Seguridad, Controlador de Accesos, Escolta.\",\"potentialAction\":[{\"@type\":\"SearchAction\",\"target\":{\"@type\":\"EntryPoint\",\"urlTemplate\":\"https:\/\/aites.net\/?s={search_term_string}\"},\"query-input\":\"required name=search_term_string\"}],\"inLanguage\":\"ca\"}]}<\/script>\n<!-- \/ Yoast SEO plugin. -->","yoast_head_json":{"title":"Borsa d'Ocupaci\u00f3 - AITES - Centro de Estudios y Oposiciones","robots":{"index":"index","follow":"follow","max-snippet":"max-snippet:-1","max-image-preview":"max-image-preview:large","max-video-preview":"max-video-preview:-1"},"canonical":"https:\/\/aites.net\/ca\/borsa-docupacio\/","og_locale":"ca_ES","og_type":"article","og_title":"Borsa d'Ocupaci\u00f3 - AITES - Centro de Estudios y Oposiciones","og_description":"[vc_row][vc_column][vc_column_text]El Centre d&#8217;Estudis AITES disposa de convenis amb diverses empreses per a la inserci\u00f3 professional dels seus alumnes. Si vols pert\u00e0nyer a la borsa de treball envia el teu curr\u00edculum a\u00a0info@aites.net Interessats en rebre ofertes de vigilant de seguretat, envia curr\u00edculum a: manuelnavarro@aites.net[\/vc_column_text][\/vc_column][\/vc_row]","og_url":"https:\/\/aites.net\/ca\/borsa-docupacio\/","og_site_name":"AITES - Centro de Estudios y Oposiciones","article_publisher":"https:\/\/www.facebook.com\/Aites-Centro-de-Estudios-216905605423761\/","article_modified_time":"2021-06-24T16:04:35+00:00","twitter_card":"summary_large_image","schema":{"@context":"https:\/\/schema.org","@graph":[{"@type":"WebPage","@id":"https:\/\/aites.net\/ca\/borsa-docupacio\/","url":"https:\/\/aites.net\/ca\/borsa-docupacio\/","name":"Borsa d'Ocupaci\u00f3 - AITES - Centro de Estudios y Oposiciones","isPartOf":{"@id":"https:\/\/aites.net\/#website"},"datePublished":"2018-04-08T21:30:39+00:00","dateModified":"2021-06-24T16:04:35+00:00","breadcrumb":{"@id":"https:\/\/aites.net\/ca\/borsa-docupacio\/#breadcrumb"},"inLanguage":"ca","potentialAction":[{"@type":"ReadAction","target":["https:\/\/aites.net\/ca\/borsa-docupacio\/"]}]},{"@type":"BreadcrumbList","@id":"https:\/\/aites.net\/ca\/borsa-docupacio\/#breadcrumb","itemListElement":[{"@type":"ListItem","position":1,"name":"Portada","item":"https:\/\/aites.net\/ca\/"},{"@type":"ListItem","position":2,"name":"Borsa d&#8217;Ocupaci\u00f3"}]},{"@type":"WebSite","@id":"https:\/\/aites.net\/#website","url":"https:\/\/aites.net\/","name":"AITES - Centro de Estudios y Oposiciones","description":"Formaci\u00f3n y Oposiciones para Mossos d&#039;Esquadra, Guardia Urbana, Polic\u00eda Nacional, Guardia Civil y Centro de Estudios para Vigilante de Seguridad, Controlador de Accesos, Escolta.","potentialAction":[{"@type":"SearchAction","target":{"@type":"EntryPoint","urlTemplate":"https:\/\/aites.net\/?s={search_term_string}"},"query-input":"required name=search_term_string"}],"inLanguage":"ca"}]}},"_links":{"self":[{"href":"https:\/\/aites.net\/ca\/wp-json\/wp\/v2\/pages\/159"}],"collection":[{"href":"https:\/\/aites.net\/ca\/wp-json\/wp\/v2\/pages"}],"about":[{"href":"https:\/\/aites.net\/ca\/wp-json\/wp\/v2\/types\/page"}],"author":[{"embeddable":true,"href":"https:\/\/aites.net\/ca\/wp-json\/wp\/v2\/users\/1"}],"replies":[{"embeddable":true,"href":"https:\/\/aites.net\/ca\/wp-json\/wp\/v2\/comments?post=159"}],"version-history":[{"count":3,"href":"https:\/\/aites.net\/ca\/wp-json\/wp\/v2\/pages\/159\/revisions"}],"predecessor-version":[{"id":373,"href":"https:\/\/aites.net\/ca\/wp-json\/wp\/v2\/pages\/159\/revisions\/373"}],"wp:attachment":[{"href":"https:\/\/aites.net\/ca\/wp-json\/wp\/v2\/media?parent=159"}],"curies":[{"name":"wp","href":"https:\/\/api.w.org\/{rel}","templated":true}]}}