{"id":176,"date":"2018-04-08T23:35:50","date_gmt":"2018-04-08T21:35:50","guid":{"rendered":"http:\/\/aites.net\/?page_id=176"},"modified":"2019-02-22T19:29:34","modified_gmt":"2019-02-22T17:29:34","slug":"seguretat-privada","status":"publish","type":"page","link":"https:\/\/aites.net\/ca\/seguretat-privada\/","title":{"rendered":"Seguretat Privada"},"content":{"rendered":"<p>[vc_row][vc_column][vc_basic_grid post_type=&#8221;u_course&#8221; max_items=&#8221;20&#8243; element_width=&#8221;3&#8243; gap=&#8221;15&#8243; orderby=&#8221;rand&#8221; item=&#8221;87&#8243; grid_id=&#8221;vc_gid:1523223305876-e5c80715-5791-8&#8243; taxonomies=&#8221;5&#8243;][\/vc_column][\/vc_row][vc_row][vc_column][vc_cta h2=&#8221;Si vols rebre informaci\u00f3 sobre els cursos de formaci\u00f3 en seguretat privada, punxa en el bot\u00f3:&#8221; h4=&#8221;El nostre equip es posar\u00e0 en contacte amb tu al m\u00e9s aviat.&#8221; style=&#8221;outline&#8221; add_button=&#8221;right&#8221; btn_title=&#8221;Solicitar Informaci\u00f3n&#8221; btn_style=&#8221;outline&#8221; btn_shape=&#8221;square&#8221; btn_color=&#8221;green&#8221; btn_size=&#8221;lg&#8221; btn_align=&#8221;center&#8221; btn_button_block=&#8221;true&#8221; btn_link=&#8221;url:http%3A%2F%2Faites.net%2Fsolicitud-de-informacion%2F|||&#8221;][\/vc_cta][\/vc_column][\/vc_row]<\/p>\n","protected":false},"excerpt":{"rendered":"<p>[vc_row][vc_column][vc_basic_grid post_type=&#8221;u_course&#8221; max_items=&#8221;20&#8243; element_width=&#8221;3&#8243; gap=&#8221;15&#8243; orderby=&#8221;rand&#8221; item=&#8221;87&#8243; grid_id=&#8221;vc_gid:1523223305876-e5c80715-5791-8&#8243; taxonomies=&#8221;5&#8243;][\/vc_column][\/vc_row][vc_row][vc_column][vc_cta h2=&#8221;Si vols rebre informaci\u00f3 sobre els cursos de formaci\u00f3 en seguretat privada, punxa en el bot\u00f3:&#8221; h4=&#8221;El nostre equip es posar\u00e0 en contacte amb tu al m\u00e9s aviat.&#8221; style=&#8221;outline&#8221; add_button=&#8221;right&#8221; btn_title=&#8221;Solicitar Informaci\u00f3n&#8221; btn_style=&#8221;outline&#8221; btn_shape=&#8221;square&#8221; btn_color=&#8221;green&#8221; btn_size=&#8221;lg&#8221; btn_align=&#8221;center&#8221; btn_button_block=&#8221;true&#8221; btn_link=&#8221;url:http%3A%2F%2Faites.net%2Fsolicitud-de-informacion%2F|||&#8221;][\/vc_cta][\/vc_column][\/vc_row]<\/p>\n","protected":false},"author":1,"featured_media":0,"parent":0,"menu_order":2,"comment_status":"closed","ping_status":"closed","template":"","meta":{"footnotes":""},"yoast_head":"<!-- This site is optimized with the Yoast SEO plugin v21.0 - https:\/\/yoast.com\/wordpress\/plugins\/seo\/ -->\n<title>Seguretat Privada - AITES - Centro de Estudios y Oposiciones<\/title>\n<meta name=\"robots\" content=\"index, follow, max-snippet:-1, max-image-preview:large, max-video-preview:-1\" \/>\n<link rel=\"canonical\" href=\"https:\/\/aites.net\/ca\/seguretat-privada\/\" \/>\n<meta property=\"og:locale\" content=\"ca_ES\" \/>\n<meta property=\"og:type\" content=\"article\" \/>\n<meta property=\"og:title\" content=\"Seguretat Privada - AITES - Centro de Estudios y Oposiciones\" \/>\n<meta property=\"og:description\" content=\"[vc_row][vc_column][vc_basic_grid post_type=&#8221;u_course&#8221; max_items=&#8221;20&#8243; element_width=&#8221;3&#8243; gap=&#8221;15&#8243; orderby=&#8221;rand&#8221; item=&#8221;87&#8243; grid_id=&#8221;vc_gid:1523223305876-e5c80715-5791-8&#8243; taxonomies=&#8221;5&#8243;][\/vc_column][\/vc_row][vc_row][vc_column][vc_cta h2=&#8221;Si vols rebre informaci\u00f3 sobre els cursos de formaci\u00f3 en seguretat privada, punxa en el bot\u00f3:&#8221; h4=&#8221;El nostre equip es posar\u00e0 en contacte amb tu al m\u00e9s aviat.&#8221; style=&#8221;outline&#8221; add_button=&#8221;right&#8221; btn_title=&#8221;Solicitar Informaci\u00f3n&#8221; btn_style=&#8221;outline&#8221; btn_shape=&#8221;square&#8221; btn_color=&#8221;green&#8221; btn_size=&#8221;lg&#8221; btn_align=&#8221;center&#8221; btn_button_block=&#8221;true&#8221; btn_link=&#8221;url:http%3A%2F%2Faites.net%2Fsolicitud-de-informacion%2F|||&#8221;][\/vc_cta][\/vc_column][\/vc_row]\" \/>\n<meta property=\"og:url\" content=\"https:\/\/aites.net\/ca\/seguretat-privada\/\" \/>\n<meta property=\"og:site_name\" content=\"AITES - Centro de Estudios y Oposiciones\" \/>\n<meta property=\"article:publisher\" content=\"https:\/\/www.facebook.com\/Aites-Centro-de-Estudios-216905605423761\/\" \/>\n<meta property=\"article:modified_time\" content=\"2019-02-22T17:29:34+00:00\" \/>\n<meta name=\"twitter:card\" content=\"summary_large_image\" \/>\n<meta name=\"twitter:label1\" content=\"Temps estimat de lectura\" \/>\n\t<meta name=\"twitter:data1\" content=\"1 minut\" \/>\n<script type=\"application\/ld+json\" class=\"yoast-schema-graph\">{\"@context\":\"https:\/\/schema.org\",\"@graph\":[{\"@type\":\"WebPage\",\"@id\":\"https:\/\/aites.net\/ca\/seguretat-privada\/\",\"url\":\"https:\/\/aites.net\/ca\/seguretat-privada\/\",\"name\":\"Seguretat Privada - AITES - Centro de Estudios y Oposiciones\",\"isPartOf\":{\"@id\":\"https:\/\/aites.net\/#website\"},\"datePublished\":\"2018-04-08T21:35:50+00:00\",\"dateModified\":\"2019-02-22T17:29:34+00:00\",\"breadcrumb\":{\"@id\":\"https:\/\/aites.net\/ca\/seguretat-privada\/#breadcrumb\"},\"inLanguage\":\"ca\",\"potentialAction\":[{\"@type\":\"ReadAction\",\"target\":[\"https:\/\/aites.net\/ca\/seguretat-privada\/\"]}]},{\"@type\":\"BreadcrumbList\",\"@id\":\"https:\/\/aites.net\/ca\/seguretat-privada\/#breadcrumb\",\"itemListElement\":[{\"@type\":\"ListItem\",\"position\":1,\"name\":\"Portada\",\"item\":\"https:\/\/aites.net\/ca\/\"},{\"@type\":\"ListItem\",\"position\":2,\"name\":\"Seguretat Privada\"}]},{\"@type\":\"WebSite\",\"@id\":\"https:\/\/aites.net\/#website\",\"url\":\"https:\/\/aites.net\/\",\"name\":\"AITES - Centro de Estudios y Oposiciones\",\"description\":\"Formaci\u00f3n y Oposiciones para Mossos d&#039;Esquadra, Guardia Urbana, Polic\u00eda Nacional, Guardia Civil y Centro de Estudios para Vigilante de Seguridad, Controlador de Accesos, Escolta.\",\"potentialAction\":[{\"@type\":\"SearchAction\",\"target\":{\"@type\":\"EntryPoint\",\"urlTemplate\":\"https:\/\/aites.net\/?s={search_term_string}\"},\"query-input\":\"required name=search_term_string\"}],\"inLanguage\":\"ca\"}]}<\/script>\n<!-- \/ Yoast SEO plugin. -->","yoast_head_json":{"title":"Seguretat Privada - AITES - Centro de Estudios y Oposiciones","robots":{"index":"index","follow":"follow","max-snippet":"max-snippet:-1","max-image-preview":"max-image-preview:large","max-video-preview":"max-video-preview:-1"},"canonical":"https:\/\/aites.net\/ca\/seguretat-privada\/","og_locale":"ca_ES","og_type":"article","og_title":"Seguretat Privada - AITES - Centro de Estudios y Oposiciones","og_description":"[vc_row][vc_column][vc_basic_grid post_type=&#8221;u_course&#8221; max_items=&#8221;20&#8243; element_width=&#8221;3&#8243; gap=&#8221;15&#8243; orderby=&#8221;rand&#8221; item=&#8221;87&#8243; grid_id=&#8221;vc_gid:1523223305876-e5c80715-5791-8&#8243; taxonomies=&#8221;5&#8243;][\/vc_column][\/vc_row][vc_row][vc_column][vc_cta h2=&#8221;Si vols rebre informaci\u00f3 sobre els cursos de formaci\u00f3 en seguretat privada, punxa en el bot\u00f3:&#8221; h4=&#8221;El nostre equip es posar\u00e0 en contacte amb tu al m\u00e9s aviat.&#8221; style=&#8221;outline&#8221; add_button=&#8221;right&#8221; btn_title=&#8221;Solicitar Informaci\u00f3n&#8221; btn_style=&#8221;outline&#8221; btn_shape=&#8221;square&#8221; btn_color=&#8221;green&#8221; btn_size=&#8221;lg&#8221; btn_align=&#8221;center&#8221; btn_button_block=&#8221;true&#8221; btn_link=&#8221;url:http%3A%2F%2Faites.net%2Fsolicitud-de-informacion%2F|||&#8221;][\/vc_cta][\/vc_column][\/vc_row]","og_url":"https:\/\/aites.net\/ca\/seguretat-privada\/","og_site_name":"AITES - Centro de Estudios y Oposiciones","article_publisher":"https:\/\/www.facebook.com\/Aites-Centro-de-Estudios-216905605423761\/","article_modified_time":"2019-02-22T17:29:34+00:00","twitter_card":"summary_large_image","twitter_misc":{"Temps estimat de lectura":"1 minut"},"schema":{"@context":"https:\/\/schema.org","@graph":[{"@type":"WebPage","@id":"https:\/\/aites.net\/ca\/seguretat-privada\/","url":"https:\/\/aites.net\/ca\/seguretat-privada\/","name":"Seguretat Privada - AITES - Centro de Estudios y Oposiciones","isPartOf":{"@id":"https:\/\/aites.net\/#website"},"datePublished":"2018-04-08T21:35:50+00:00","dateModified":"2019-02-22T17:29:34+00:00","breadcrumb":{"@id":"https:\/\/aites.net\/ca\/seguretat-privada\/#breadcrumb"},"inLanguage":"ca","potentialAction":[{"@type":"ReadAction","target":["https:\/\/aites.net\/ca\/seguretat-privada\/"]}]},{"@type":"BreadcrumbList","@id":"https:\/\/aites.net\/ca\/seguretat-privada\/#breadcrumb","itemListElement":[{"@type":"ListItem","position":1,"name":"Portada","item":"https:\/\/aites.net\/ca\/"},{"@type":"ListItem","position":2,"name":"Seguretat Privada"}]},{"@type":"WebSite","@id":"https:\/\/aites.net\/#website","url":"https:\/\/aites.net\/","name":"AITES - Centro de Estudios y Oposiciones","description":"Formaci\u00f3n y Oposiciones para Mossos d&#039;Esquadra, Guardia Urbana, Polic\u00eda Nacional, Guardia Civil y Centro de Estudios para Vigilante de Seguridad, Controlador de Accesos, Escolta.","potentialAction":[{"@type":"SearchAction","target":{"@type":"EntryPoint","urlTemplate":"https:\/\/aites.net\/?s={search_term_string}"},"query-input":"required name=search_term_string"}],"inLanguage":"ca"}]}},"_links":{"self":[{"href":"https:\/\/aites.net\/ca\/wp-json\/wp\/v2\/pages\/176"}],"collection":[{"href":"https:\/\/aites.net\/ca\/wp-json\/wp\/v2\/pages"}],"about":[{"href":"https:\/\/aites.net\/ca\/wp-json\/wp\/v2\/types\/page"}],"author":[{"embeddable":true,"href":"https:\/\/aites.net\/ca\/wp-json\/wp\/v2\/users\/1"}],"replies":[{"embeddable":true,"href":"https:\/\/aites.net\/ca\/wp-json\/wp\/v2\/comments?post=176"}],"version-history":[{"count":3,"href":"https:\/\/aites.net\/ca\/wp-json\/wp\/v2\/pages\/176\/revisions"}],"predecessor-version":[{"id":179,"href":"https:\/\/aites.net\/ca\/wp-json\/wp\/v2\/pages\/176\/revisions\/179"}],"wp:attachment":[{"href":"https:\/\/aites.net\/ca\/wp-json\/wp\/v2\/media?parent=176"}],"curies":[{"name":"wp","href":"https:\/\/api.w.org\/{rel}","templated":true}]}}