{"id":180,"date":"2018-04-08T23:56:17","date_gmt":"2018-04-08T21:56:17","guid":{"rendered":"http:\/\/aites.net\/?page_id=180"},"modified":"2018-04-09T00:21:09","modified_gmt":"2018-04-08T22:21:09","slug":"historia","status":"publish","type":"page","link":"https:\/\/aites.net\/ca\/historia\/","title":{"rendered":"Hist\u00f2ria"},"content":{"rendered":"<p>[vc_row][vc_column][vc_column_text]<\/p>\n<h1 style=\"text-align: center;\"><strong>AITES Centre d&#8217;Estudis i Oposicions<\/strong><\/h1>\n<p>[\/vc_column_text][\/vc_column][\/vc_row][vc_row u_row_style=&#8221;0&#8243; u_row_paralax=&#8221;0&#8243; u_row_scheme=&#8221;0&#8243; css=&#8221;.vc_custom_1523219830778{margin-top: 30px !important;margin-bottom: 30px !important;}&#8221;][vc_column width=&#8221;1\/2&#8243;][vc_column_text]<strong>AITES<\/strong> \u00e9s un centre d&#8217;estudis privat, dedicat a la formaci\u00f3 de joves i adults fundat el 1983 de Graduat ESO, Formaci\u00f3 Profesaional, seguretat privada, Oposicions, Acc\u00e9s Majors de 25 anys i altres cursos.<\/p>\n<p>El Centre d&#8217;Estudis Ait\u00e9s est\u00e0 autoritzat per la Generalitat, Departament d&#8217;Ensenyament, Departament de Benestar Social (segons D.O.G 18\/01\/1989, 30\/07\/2012) i Ministeri de l&#8217;Interior des de 1995.[\/vc_column_text][vc_row_inner][vc_column_inner width=&#8221;1\/2&#8243;][vc_single_image image=&#8221;137&#8243; img_size=&#8221;full&#8221; alignment=&#8221;center&#8221;][\/vc_column_inner][vc_column_inner width=&#8221;1\/2&#8243;][vc_single_image image=&#8221;138&#8243; img_size=&#8221;full&#8221; alignment=&#8221;center&#8221;][\/vc_column_inner][\/vc_row_inner][vc_column_text]Al llarg de m\u00e9s de 30 anys d&#8217;ensenyament, la filosofia del nostre centre \u00e9s que l&#8217;organitzaci\u00f3 es fonamenti en el rigor acad\u00e8mic i en la realitat professional. El nostre objectiu \u00e9s formar els alumnes mitjan\u00e7ant l&#8217;ensenyament a l&#8217;aula i amb pr\u00e0ctiques en lloc real de treball. Estar d&#8217;acord amb la realitat actual del m\u00f3n laboral i t\u00e8cnic, per si millor incorporaci\u00f3 al lloc de treball.[\/vc_column_text][\/vc_column][vc_column width=&#8221;1\/2&#8243;][vc_column_text]El <strong>Centre d&#8217;Estudis i Oposicions AITES<\/strong> es troba prop de la Pla\u00e7a Espanya, al costat de la parada de metro Poble Sec de la l\u00ednia L3 (verda).<\/p>\n<p>Av. Paral\u00b7lel, 158 Bis<br \/>\n08015 Barcelona<\/p>\n<p>Si vols m\u00e9s informaci\u00f3, envia&#8217;ns un e-mail amb les teves dades o truca al tel\u00e8fon 934.237.600.[\/vc_column_text][vc_gmaps link=&#8221;#E-8_JTNDaWZyYW1lJTIwc3JjJTNEJTIyaHR0cHMlM0ElMkYlMkZ3d3cuZ29vZ2xlLmNvbSUyRm1hcHMlMkZlbWJlZCUzRnBiJTNEJTIxMW0xOCUyMTFtMTIlMjExbTMlMjExZDI5OTMuOTQ5NTQ5ODg3MjgzJTIxMmQyLjE1NTA4MjgxNTc3OTM5NiUyMTNkNDEuMzc1MTgwODA0NzEzODglMjEybTMlMjExZjAlMjEyZjAlMjEzZjAlMjEzbTIlMjExaTEwMjQlMjEyaTc2OCUyMTRmMTMuMSUyMTNtMyUyMTFtMiUyMTFzMHgxMmE0YTI2NDYyMTgzYWYzJTI1M0EweGE3NWRhYzM5OWQ4YWE2ZjklMjEyc0FpdGVzJTIxNWUwJTIxM20yJTIxMXNlcyUyMTJzZXMlMjE0djE1MjMyMTczNDA3NzIlMjIlMjB3aWR0aCUzRCUyMjYwMCUyMiUyMGhlaWdodCUzRCUyMjQ1MCUyMiUyMGZyYW1lYm9yZGVyJTNEJTIyMCUyMiUyMHN0eWxlJTNEJTIyYm9yZGVyJTNBMCUyMiUyMGFsbG93ZnVsbHNjcmVlbiUzRSUzQyUyRmlmcmFtZSUzRQ==&#8221;][\/vc_column][\/vc_row]<\/p>\n","protected":false},"excerpt":{"rendered":"<p>[vc_row][vc_column][vc_column_text] AITES Centre d&#8217;Estudis i Oposicions [\/vc_column_text][\/vc_column][\/vc_row][vc_row u_row_style=&#8221;0&#8243; u_row_paralax=&#8221;0&#8243; u_row_scheme=&#8221;0&#8243; css=&#8221;.vc_custom_1523219830778{margin-top: 30px !important;margin-bottom: 30px !important;}&#8221;][vc_column width=&#8221;1\/2&#8243;][vc_column_text]AITES \u00e9s un centre d&#8217;estudis privat, dedicat a la formaci\u00f3 de joves i adults fundat el 1983 de Graduat ESO, Formaci\u00f3 Profesaional, seguretat privada, Oposicions, Acc\u00e9s Majors de 25 anys i altres cursos. El Centre d&#8217;Estudis Ait\u00e9s est\u00e0 autoritzat per [&hellip;]<\/p>\n","protected":false},"author":1,"featured_media":0,"parent":0,"menu_order":8,"comment_status":"closed","ping_status":"closed","template":"","meta":{"footnotes":""},"yoast_head":"<!-- This site is optimized with the Yoast SEO plugin v21.0 - https:\/\/yoast.com\/wordpress\/plugins\/seo\/ -->\n<title>Hist\u00f2ria - AITES - Centro de Estudios y Oposiciones<\/title>\n<meta name=\"robots\" content=\"index, follow, max-snippet:-1, max-image-preview:large, max-video-preview:-1\" \/>\n<link rel=\"canonical\" href=\"https:\/\/aites.net\/ca\/historia\/\" \/>\n<meta property=\"og:locale\" content=\"ca_ES\" \/>\n<meta property=\"og:type\" content=\"article\" \/>\n<meta property=\"og:title\" content=\"Hist\u00f2ria - AITES - Centro de Estudios y Oposiciones\" \/>\n<meta property=\"og:description\" content=\"[vc_row][vc_column][vc_column_text] AITES Centre d&#8217;Estudis i Oposicions [\/vc_column_text][\/vc_column][\/vc_row][vc_row u_row_style=&#8221;0&#8243; u_row_paralax=&#8221;0&#8243; u_row_scheme=&#8221;0&#8243; css=&#8221;.vc_custom_1523219830778{margin-top: 30px !important;margin-bottom: 30px !important;}&#8221;][vc_column width=&#8221;1\/2&#8243;][vc_column_text]AITES \u00e9s un centre d&#8217;estudis privat, dedicat a la formaci\u00f3 de joves i adults fundat el 1983 de Graduat ESO, Formaci\u00f3 Profesaional, seguretat privada, Oposicions, Acc\u00e9s Majors de 25 anys i altres cursos. El Centre d&#8217;Estudis Ait\u00e9s est\u00e0 autoritzat per [&hellip;]\" \/>\n<meta property=\"og:url\" content=\"https:\/\/aites.net\/ca\/historia\/\" \/>\n<meta property=\"og:site_name\" content=\"AITES - Centro de Estudios y Oposiciones\" \/>\n<meta property=\"article:publisher\" content=\"https:\/\/www.facebook.com\/Aites-Centro-de-Estudios-216905605423761\/\" \/>\n<meta property=\"article:modified_time\" content=\"2018-04-08T22:21:09+00:00\" \/>\n<meta name=\"twitter:card\" content=\"summary_large_image\" \/>\n<meta name=\"twitter:label1\" content=\"Temps estimat de lectura\" \/>\n\t<meta name=\"twitter:data1\" content=\"2 minuts\" \/>\n<script type=\"application\/ld+json\" class=\"yoast-schema-graph\">{\"@context\":\"https:\/\/schema.org\",\"@graph\":[{\"@type\":\"WebPage\",\"@id\":\"https:\/\/aites.net\/ca\/historia\/\",\"url\":\"https:\/\/aites.net\/ca\/historia\/\",\"name\":\"Hist\u00f2ria - AITES - Centro de Estudios y Oposiciones\",\"isPartOf\":{\"@id\":\"https:\/\/aites.net\/#website\"},\"datePublished\":\"2018-04-08T21:56:17+00:00\",\"dateModified\":\"2018-04-08T22:21:09+00:00\",\"breadcrumb\":{\"@id\":\"https:\/\/aites.net\/ca\/historia\/#breadcrumb\"},\"inLanguage\":\"ca\",\"potentialAction\":[{\"@type\":\"ReadAction\",\"target\":[\"https:\/\/aites.net\/ca\/historia\/\"]}]},{\"@type\":\"BreadcrumbList\",\"@id\":\"https:\/\/aites.net\/ca\/historia\/#breadcrumb\",\"itemListElement\":[{\"@type\":\"ListItem\",\"position\":1,\"name\":\"Portada\",\"item\":\"https:\/\/aites.net\/ca\/\"},{\"@type\":\"ListItem\",\"position\":2,\"name\":\"Hist\u00f2ria\"}]},{\"@type\":\"WebSite\",\"@id\":\"https:\/\/aites.net\/#website\",\"url\":\"https:\/\/aites.net\/\",\"name\":\"AITES - Centro de Estudios y Oposiciones\",\"description\":\"Formaci\u00f3n y Oposiciones para Mossos d&#039;Esquadra, Guardia Urbana, Polic\u00eda Nacional, Guardia Civil y Centro de Estudios para Vigilante de Seguridad, Controlador de Accesos, Escolta.\",\"potentialAction\":[{\"@type\":\"SearchAction\",\"target\":{\"@type\":\"EntryPoint\",\"urlTemplate\":\"https:\/\/aites.net\/?s={search_term_string}\"},\"query-input\":\"required name=search_term_string\"}],\"inLanguage\":\"ca\"}]}<\/script>\n<!-- \/ Yoast SEO plugin. -->","yoast_head_json":{"title":"Hist\u00f2ria - AITES - Centro de Estudios y Oposiciones","robots":{"index":"index","follow":"follow","max-snippet":"max-snippet:-1","max-image-preview":"max-image-preview:large","max-video-preview":"max-video-preview:-1"},"canonical":"https:\/\/aites.net\/ca\/historia\/","og_locale":"ca_ES","og_type":"article","og_title":"Hist\u00f2ria - AITES - Centro de Estudios y Oposiciones","og_description":"[vc_row][vc_column][vc_column_text] AITES Centre d&#8217;Estudis i Oposicions [\/vc_column_text][\/vc_column][\/vc_row][vc_row u_row_style=&#8221;0&#8243; u_row_paralax=&#8221;0&#8243; u_row_scheme=&#8221;0&#8243; css=&#8221;.vc_custom_1523219830778{margin-top: 30px !important;margin-bottom: 30px !important;}&#8221;][vc_column width=&#8221;1\/2&#8243;][vc_column_text]AITES \u00e9s un centre d&#8217;estudis privat, dedicat a la formaci\u00f3 de joves i adults fundat el 1983 de Graduat ESO, Formaci\u00f3 Profesaional, seguretat privada, Oposicions, Acc\u00e9s Majors de 25 anys i altres cursos. El Centre d&#8217;Estudis Ait\u00e9s est\u00e0 autoritzat per [&hellip;]","og_url":"https:\/\/aites.net\/ca\/historia\/","og_site_name":"AITES - Centro de Estudios y Oposiciones","article_publisher":"https:\/\/www.facebook.com\/Aites-Centro-de-Estudios-216905605423761\/","article_modified_time":"2018-04-08T22:21:09+00:00","twitter_card":"summary_large_image","twitter_misc":{"Temps estimat de lectura":"2 minuts"},"schema":{"@context":"https:\/\/schema.org","@graph":[{"@type":"WebPage","@id":"https:\/\/aites.net\/ca\/historia\/","url":"https:\/\/aites.net\/ca\/historia\/","name":"Hist\u00f2ria - AITES - Centro de Estudios y Oposiciones","isPartOf":{"@id":"https:\/\/aites.net\/#website"},"datePublished":"2018-04-08T21:56:17+00:00","dateModified":"2018-04-08T22:21:09+00:00","breadcrumb":{"@id":"https:\/\/aites.net\/ca\/historia\/#breadcrumb"},"inLanguage":"ca","potentialAction":[{"@type":"ReadAction","target":["https:\/\/aites.net\/ca\/historia\/"]}]},{"@type":"BreadcrumbList","@id":"https:\/\/aites.net\/ca\/historia\/#breadcrumb","itemListElement":[{"@type":"ListItem","position":1,"name":"Portada","item":"https:\/\/aites.net\/ca\/"},{"@type":"ListItem","position":2,"name":"Hist\u00f2ria"}]},{"@type":"WebSite","@id":"https:\/\/aites.net\/#website","url":"https:\/\/aites.net\/","name":"AITES - Centro de Estudios y Oposiciones","description":"Formaci\u00f3n y Oposiciones para Mossos d&#039;Esquadra, Guardia Urbana, Polic\u00eda Nacional, Guardia Civil y Centro de Estudios para Vigilante de Seguridad, Controlador de Accesos, Escolta.","potentialAction":[{"@type":"SearchAction","target":{"@type":"EntryPoint","urlTemplate":"https:\/\/aites.net\/?s={search_term_string}"},"query-input":"required name=search_term_string"}],"inLanguage":"ca"}]}},"_links":{"self":[{"href":"https:\/\/aites.net\/ca\/wp-json\/wp\/v2\/pages\/180"}],"collection":[{"href":"https:\/\/aites.net\/ca\/wp-json\/wp\/v2\/pages"}],"about":[{"href":"https:\/\/aites.net\/ca\/wp-json\/wp\/v2\/types\/page"}],"author":[{"embeddable":true,"href":"https:\/\/aites.net\/ca\/wp-json\/wp\/v2\/users\/1"}],"replies":[{"embeddable":true,"href":"https:\/\/aites.net\/ca\/wp-json\/wp\/v2\/comments?post=180"}],"version-history":[{"count":2,"href":"https:\/\/aites.net\/ca\/wp-json\/wp\/v2\/pages\/180\/revisions"}],"predecessor-version":[{"id":186,"href":"https:\/\/aites.net\/ca\/wp-json\/wp\/v2\/pages\/180\/revisions\/186"}],"wp:attachment":[{"href":"https:\/\/aites.net\/ca\/wp-json\/wp\/v2\/media?parent=180"}],"curies":[{"name":"wp","href":"https:\/\/api.w.org\/{rel}","templated":true}]}}